{"id":220,"date":"2022-06-25T19:21:13","date_gmt":"2022-06-25T19:21:13","guid":{"rendered":"https:\/\/gites79.com\/?page_id=220"},"modified":"2024-10-28T07:15:43","modified_gmt":"2024-10-28T07:15:43","slug":"rose-cottage","status":"publish","type":"page","link":"https:\/\/gites79.com\/fr\/rose-cottage\/","title":{"rendered":"Gite des Roses"},"content":{"rendered":"<figure class=\"wp-block-gallery has-nested-images columns-default is-cropped wp-block-gallery-1 is-layout-flex wp-block-gallery-is-layout-flex\">\n<figure class=\"wp-block-image size-large\"><img loading=\"lazy\" decoding=\"async\" width=\"1024\" height=\"644\" data-id=\"414\" src=\"https:\/\/gites79.com\/wp-content\/uploads\/2022\/11\/Gite-front-aspect-1024x644.jpg\" alt=\"\" class=\"wp-image-414\" srcset=\"https:\/\/gites79.com\/wp-content\/uploads\/2022\/11\/Gite-front-aspect-1024x644.jpg 1024w, https:\/\/gites79.com\/wp-content\/uploads\/2022\/11\/Gite-front-aspect-300x189.jpg 300w, https:\/\/gites79.com\/wp-content\/uploads\/2022\/11\/Gite-front-aspect-768x483.jpg 768w, https:\/\/gites79.com\/wp-content\/uploads\/2022\/11\/Gite-front-aspect-18x12.jpg 18w, https:\/\/gites79.com\/wp-content\/uploads\/2022\/11\/Gite-front-aspect.jpg 1431w\" sizes=\"auto, (max-width: 767px) 89vw, (max-width: 1000px) 54vw, (max-width: 1071px) 543px, 580px\" \/><\/figure>\n<\/figure>\n\n\n\n<p>Le G\u00eete des Roses est une maison fran\u00e7aise typique, avec de jolis volets bleu corail et de magnifiques roses blanches parfum\u00e9es autour de la porte.  C'est une base id\u00e9ale pour visiter le Puy du Fou, qui n'est qu'\u00e0 30 minutes de route, ou les plages de sable de la c\u00f4te ouest qui sont \u00e0 un peu plus d'une heure de route.<\/p>\n\n\n\n<p>Enti\u00e8rement r\u00e9nov\u00e9e en 2022, la maison peut \u00eatre divis\u00e9e en deux pour des familles de 4 ou 8 personnes. En cas de location pour quatre personnes, une grande chambre \u00e0 coucher king-size avec dressing et une chambre \u00e0 deux lits sont disponibles. Pour une location \u00e0 8 personnes, il y a 4 chambres \u00e0 coucher : une suite principale avec des plafonds vo\u00fbt\u00e9s, un grand lit king-size et un dressing, un autre grand lit king-size avec dressing, une chambre \u00e0 deux lits et une petite chambre \u00e0 deux lits. La salle de bains familiale est grande et dispose d'une baignoire de taille normale et d'une douche \u00e0 l'italienne. <\/p>\n\n\n\n<p>Le salon est grand et frais, avec un canap\u00e9 en cuir, une table de salle \u00e0 manger pour 8 personnes et un po\u00eale \u00e0 bois pour les jours les plus froids. Si vous louez toute la maison, vous trouverez \u00e9galement une salle de jeux avec un grand canap\u00e9 d'angle, un billard, un jeu de fl\u00e9chettes et un baby-foot.  <\/p>\n\n\n\n<p>La cuisine est spacieuse et bien \u00e9quip\u00e9e avec un bar \u00e0 petit-d\u00e9jeuner, un four \u00e9lectrique, un r\u00e9frig\u00e9rateur\/cong\u00e9lateur, un micro-ondes, une bouilloire, un grille-pain, une cafeti\u00e8re et un lave-vaisselle.  Il y a \u00e9galement une arri\u00e8re-cuisine avec un lave-linge, un autre \u00e9vier et les toilettes.. C'est un espace id\u00e9al pour les compagnons canins qui sont les bienvenus au G\u00eete des Roses.<\/p>\n\n\n\n<div class=\"wp-block-coblocks-gallery-stacked has-5-gutter\"><ul class=\"has-5-gutter coblocks-gallery has-no-alignment has-fullwidth-images has-custom-gutter\" style=\"--coblocks-custom-gutter:0em\"><li class=\"coblocks-gallery--item\"><figure class=\"coblocks-gallery--figure\"><img loading=\"lazy\" decoding=\"async\" width=\"1024\" height=\"768\" alt=\"Image gallery image\" class=\"wp-image-516 has-shadow-none\" data-id=\"516\" data-imglink=\"\" src=\"https:\/\/gites79.com\/wp-content\/uploads\/2023\/03\/Salle-des-jeux-1024x768.jpeg\" srcset=\"https:\/\/gites79.com\/wp-content\/uploads\/2023\/03\/Salle-des-jeux-1024x768.jpeg 1024w, https:\/\/gites79.com\/wp-content\/uploads\/2023\/03\/Salle-des-jeux-300x225.jpeg 300w, https:\/\/gites79.com\/wp-content\/uploads\/2023\/03\/Salle-des-jeux-768x576.jpeg 768w, https:\/\/gites79.com\/wp-content\/uploads\/2023\/03\/Salle-des-jeux-1536x1152.jpeg 1536w, https:\/\/gites79.com\/wp-content\/uploads\/2023\/03\/Salle-des-jeux-2048x1536.jpeg 2048w, https:\/\/gites79.com\/wp-content\/uploads\/2023\/03\/Salle-des-jeux-16x12.jpeg 16w\" sizes=\"auto, (max-width: 767px) 89vw, (max-width: 1000px) 54vw, (max-width: 1071px) 543px, 580px\" \/><\/figure><\/li><li class=\"coblocks-gallery--item\"><figure class=\"coblocks-gallery--figure\"><img loading=\"lazy\" decoding=\"async\" width=\"1024\" height=\"683\" alt=\"Image gallery image\" class=\"wp-image-415 has-shadow-none\" data-id=\"415\" data-imglink=\"\" src=\"https:\/\/gites79.com\/wp-content\/uploads\/2022\/11\/Kitchen1-1024x683.jpg\" srcset=\"https:\/\/gites79.com\/wp-content\/uploads\/2022\/11\/Kitchen1-1024x683.jpg 1024w, https:\/\/gites79.com\/wp-content\/uploads\/2022\/11\/Kitchen1-300x200.jpg 300w, https:\/\/gites79.com\/wp-content\/uploads\/2022\/11\/Kitchen1-768x512.jpg 768w, https:\/\/gites79.com\/wp-content\/uploads\/2022\/11\/Kitchen1-18x12.jpg 18w, https:\/\/gites79.com\/wp-content\/uploads\/2022\/11\/Kitchen1.jpg 1350w\" sizes=\"auto, (max-width: 767px) 89vw, (max-width: 1000px) 54vw, (max-width: 1071px) 543px, 580px\" \/><\/figure><\/li><li class=\"coblocks-gallery--item\"><figure class=\"coblocks-gallery--figure\"><img loading=\"lazy\" decoding=\"async\" width=\"1024\" height=\"682\" alt=\"Image gallery image\" class=\"wp-image-416 has-shadow-none\" data-id=\"416\" data-imglink=\"\" src=\"https:\/\/gites79.com\/wp-content\/uploads\/2022\/11\/Kitchen2-1024x682.jpg\" srcset=\"https:\/\/gites79.com\/wp-content\/uploads\/2022\/11\/Kitchen2-1024x682.jpg 1024w, https:\/\/gites79.com\/wp-content\/uploads\/2022\/11\/Kitchen2-300x200.jpg 300w, https:\/\/gites79.com\/wp-content\/uploads\/2022\/11\/Kitchen2-768x512.jpg 768w, https:\/\/gites79.com\/wp-content\/uploads\/2022\/11\/Kitchen2-18x12.jpg 18w, https:\/\/gites79.com\/wp-content\/uploads\/2022\/11\/Kitchen2.jpg 1351w\" sizes=\"auto, (max-width: 767px) 89vw, (max-width: 1000px) 54vw, (max-width: 1071px) 543px, 580px\" \/><\/figure><\/li><li class=\"coblocks-gallery--item\"><figure class=\"coblocks-gallery--figure\"><img loading=\"lazy\" decoding=\"async\" width=\"1024\" height=\"683\" alt=\"Image gallery image\" class=\"wp-image-419 has-shadow-none\" data-id=\"419\" data-imglink=\"\" src=\"https:\/\/gites79.com\/wp-content\/uploads\/2022\/11\/Living-Room-1024x683.jpg\" srcset=\"https:\/\/gites79.com\/wp-content\/uploads\/2022\/11\/Living-Room-1024x683.jpg 1024w, https:\/\/gites79.com\/wp-content\/uploads\/2022\/11\/Living-Room-300x200.jpg 300w, https:\/\/gites79.com\/wp-content\/uploads\/2022\/11\/Living-Room-768x512.jpg 768w, https:\/\/gites79.com\/wp-content\/uploads\/2022\/11\/Living-Room-18x12.jpg 18w, https:\/\/gites79.com\/wp-content\/uploads\/2022\/11\/Living-Room.jpg 1350w\" sizes=\"auto, (max-width: 767px) 89vw, (max-width: 1000px) 54vw, (max-width: 1071px) 543px, 580px\" \/><\/figure><\/li><li class=\"coblocks-gallery--item\"><figure class=\"coblocks-gallery--figure\"><img loading=\"lazy\" decoding=\"async\" width=\"1024\" height=\"683\" alt=\"Image gallery image\" class=\"wp-image-418 has-shadow-none\" data-id=\"418\" data-imglink=\"\" src=\"https:\/\/gites79.com\/wp-content\/uploads\/2022\/11\/Living-Room-2-1024x683.jpg\" srcset=\"https:\/\/gites79.com\/wp-content\/uploads\/2022\/11\/Living-Room-2-1024x683.jpg 1024w, https:\/\/gites79.com\/wp-content\/uploads\/2022\/11\/Living-Room-2-300x200.jpg 300w, https:\/\/gites79.com\/wp-content\/uploads\/2022\/11\/Living-Room-2-768x512.jpg 768w, https:\/\/gites79.com\/wp-content\/uploads\/2022\/11\/Living-Room-2-18x12.jpg 18w, https:\/\/gites79.com\/wp-content\/uploads\/2022\/11\/Living-Room-2.jpg 1350w\" sizes=\"auto, (max-width: 767px) 89vw, (max-width: 1000px) 54vw, (max-width: 1071px) 543px, 580px\" \/><\/figure><\/li><li class=\"coblocks-gallery--item\"><figure class=\"coblocks-gallery--figure\"><img loading=\"lazy\" decoding=\"async\" width=\"1024\" height=\"682\" alt=\"Image gallery image\" class=\"wp-image-420 has-shadow-none\" data-id=\"420\" data-imglink=\"\" src=\"https:\/\/gites79.com\/wp-content\/uploads\/2022\/11\/Utility-Room-1024x682.jpg\" srcset=\"https:\/\/gites79.com\/wp-content\/uploads\/2022\/11\/Utility-Room-1024x682.jpg 1024w, https:\/\/gites79.com\/wp-content\/uploads\/2022\/11\/Utility-Room-300x200.jpg 300w, https:\/\/gites79.com\/wp-content\/uploads\/2022\/11\/Utility-Room-768x512.jpg 768w, https:\/\/gites79.com\/wp-content\/uploads\/2022\/11\/Utility-Room-18x12.jpg 18w, https:\/\/gites79.com\/wp-content\/uploads\/2022\/11\/Utility-Room.jpg 1351w\" sizes=\"auto, (max-width: 767px) 89vw, (max-width: 1000px) 54vw, (max-width: 1071px) 543px, 580px\" \/><\/figure><\/li><li class=\"coblocks-gallery--item\"><figure class=\"coblocks-gallery--figure\"><img loading=\"lazy\" decoding=\"async\" width=\"510\" height=\"680\" alt=\"Image gallery image\" class=\"wp-image-515 has-shadow-none\" data-id=\"515\" data-imglink=\"\" src=\"https:\/\/gites79.com\/wp-content\/uploads\/2023\/03\/Bed4-2-updated.jpg\" srcset=\"https:\/\/gites79.com\/wp-content\/uploads\/2023\/03\/Bed4-2-updated.jpg 510w, https:\/\/gites79.com\/wp-content\/uploads\/2023\/03\/Bed4-2-updated-225x300.jpg 225w, https:\/\/gites79.com\/wp-content\/uploads\/2023\/03\/Bed4-2-updated-9x12.jpg 9w\" sizes=\"auto, (max-width: 510px) 100vw, 510px\" \/><\/figure><\/li><li class=\"coblocks-gallery--item\"><figure class=\"coblocks-gallery--figure\"><img loading=\"lazy\" decoding=\"async\" width=\"768\" height=\"1024\" alt=\"Image gallery image\" class=\"wp-image-514 has-shadow-none\" data-id=\"514\" data-imglink=\"\" src=\"https:\/\/gites79.com\/wp-content\/uploads\/2023\/03\/Bed4-1-updated2-768x1024.jpg\" srcset=\"https:\/\/gites79.com\/wp-content\/uploads\/2023\/03\/Bed4-1-updated2-768x1024.jpg 768w, https:\/\/gites79.com\/wp-content\/uploads\/2023\/03\/Bed4-1-updated2-225x300.jpg 225w, https:\/\/gites79.com\/wp-content\/uploads\/2023\/03\/Bed4-1-updated2-1152x1536.jpg 1152w, https:\/\/gites79.com\/wp-content\/uploads\/2023\/03\/Bed4-1-updated2-9x12.jpg 9w, https:\/\/gites79.com\/wp-content\/uploads\/2023\/03\/Bed4-1-updated2.jpg 1536w\" sizes=\"auto, (max-width: 767px) 89vw, (max-width: 1000px) 54vw, (max-width: 1071px) 543px, 580px\" \/><\/figure><\/li><li class=\"coblocks-gallery--item\"><figure class=\"coblocks-gallery--figure\"><img loading=\"lazy\" decoding=\"async\" width=\"768\" height=\"1024\" alt=\"Image gallery image\" class=\"wp-image-513 has-shadow-none\" data-id=\"513\" data-imglink=\"\" src=\"https:\/\/gites79.com\/wp-content\/uploads\/2023\/03\/Bed1-updated.jpeg\" srcset=\"https:\/\/gites79.com\/wp-content\/uploads\/2023\/03\/Bed1-updated.jpeg 768w, https:\/\/gites79.com\/wp-content\/uploads\/2023\/03\/Bed1-updated-225x300.jpeg 225w, https:\/\/gites79.com\/wp-content\/uploads\/2023\/03\/Bed1-updated-9x12.jpeg 9w\" sizes=\"auto, (max-width: 767px) 89vw, (max-width: 1000px) 54vw, (max-width: 1071px) 543px, 580px\" \/><\/figure><\/li><li class=\"coblocks-gallery--item\"><figure class=\"coblocks-gallery--figure\"><img loading=\"lazy\" decoding=\"async\" width=\"1024\" height=\"682\" alt=\"\" class=\"wp-image-407 has-shadow-none\" data-id=\"407\" data-imglink=\"\" src=\"https:\/\/gites79.com\/wp-content\/uploads\/2022\/11\/Bed-1-2-1024x682.jpg\" srcset=\"https:\/\/gites79.com\/wp-content\/uploads\/2022\/11\/Bed-1-2-1024x682.jpg 1024w, https:\/\/gites79.com\/wp-content\/uploads\/2022\/11\/Bed-1-2-300x200.jpg 300w, https:\/\/gites79.com\/wp-content\/uploads\/2022\/11\/Bed-1-2-768x512.jpg 768w, https:\/\/gites79.com\/wp-content\/uploads\/2022\/11\/Bed-1-2-18x12.jpg 18w, https:\/\/gites79.com\/wp-content\/uploads\/2022\/11\/Bed-1-2.jpg 1351w\" sizes=\"auto, (max-width: 767px) 89vw, (max-width: 1000px) 54vw, (max-width: 1071px) 543px, 580px\" \/><\/figure><\/li><li class=\"coblocks-gallery--item\"><figure class=\"coblocks-gallery--figure\"><img loading=\"lazy\" decoding=\"async\" width=\"1024\" height=\"682\" alt=\"Image gallery image\" class=\"wp-image-409 has-shadow-none\" data-id=\"409\" data-imglink=\"\" src=\"https:\/\/gites79.com\/wp-content\/uploads\/2022\/11\/Bed-2-2-1024x682.jpg\" srcset=\"https:\/\/gites79.com\/wp-content\/uploads\/2022\/11\/Bed-2-2-1024x682.jpg 1024w, https:\/\/gites79.com\/wp-content\/uploads\/2022\/11\/Bed-2-2-300x200.jpg 300w, https:\/\/gites79.com\/wp-content\/uploads\/2022\/11\/Bed-2-2-768x512.jpg 768w, https:\/\/gites79.com\/wp-content\/uploads\/2022\/11\/Bed-2-2-18x12.jpg 18w, https:\/\/gites79.com\/wp-content\/uploads\/2022\/11\/Bed-2-2.jpg 1351w\" sizes=\"auto, (max-width: 767px) 89vw, (max-width: 1000px) 54vw, (max-width: 1071px) 543px, 580px\" \/><\/figure><\/li><li class=\"coblocks-gallery--item\"><figure class=\"coblocks-gallery--figure\"><img loading=\"lazy\" decoding=\"async\" width=\"1024\" height=\"682\" alt=\"Image gallery image\" class=\"wp-image-410 has-shadow-none\" data-id=\"410\" data-imglink=\"\" src=\"https:\/\/gites79.com\/wp-content\/uploads\/2022\/11\/Bed-2-1024x682.jpg\" srcset=\"https:\/\/gites79.com\/wp-content\/uploads\/2022\/11\/Bed-2-1024x682.jpg 1024w, https:\/\/gites79.com\/wp-content\/uploads\/2022\/11\/Bed-2-300x200.jpg 300w, https:\/\/gites79.com\/wp-content\/uploads\/2022\/11\/Bed-2-768x512.jpg 768w, https:\/\/gites79.com\/wp-content\/uploads\/2022\/11\/Bed-2-18x12.jpg 18w, https:\/\/gites79.com\/wp-content\/uploads\/2022\/11\/Bed-2.jpg 1351w\" sizes=\"auto, (max-width: 767px) 89vw, (max-width: 1000px) 54vw, (max-width: 1071px) 543px, 580px\" \/><\/figure><\/li><li class=\"coblocks-gallery--item\"><figure class=\"coblocks-gallery--figure\"><img loading=\"lazy\" decoding=\"async\" width=\"1024\" height=\"768\" alt=\"Image gallery image\" class=\"wp-image-412 has-shadow-none\" data-id=\"412\" data-imglink=\"\" src=\"https:\/\/gites79.com\/wp-content\/uploads\/2022\/11\/Bed-4-1024x768.jpg\" srcset=\"https:\/\/gites79.com\/wp-content\/uploads\/2022\/11\/Bed-4-1024x768.jpg 1024w, https:\/\/gites79.com\/wp-content\/uploads\/2022\/11\/Bed-4-300x225.jpg 300w, https:\/\/gites79.com\/wp-content\/uploads\/2022\/11\/Bed-4-768x576.jpg 768w, https:\/\/gites79.com\/wp-content\/uploads\/2022\/11\/Bed-4-16x12.jpg 16w, https:\/\/gites79.com\/wp-content\/uploads\/2022\/11\/Bed-4.jpg 1280w\" sizes=\"auto, (max-width: 767px) 89vw, (max-width: 1000px) 54vw, (max-width: 1071px) 543px, 580px\" \/><\/figure><\/li><li class=\"coblocks-gallery--item\"><figure class=\"coblocks-gallery--figure\"><img loading=\"lazy\" decoding=\"async\" width=\"1024\" height=\"682\" alt=\"Image gallery image\" class=\"wp-image-411 has-shadow-none\" data-id=\"411\" data-imglink=\"\" src=\"https:\/\/gites79.com\/wp-content\/uploads\/2022\/11\/Bed-4-2-1024x682.jpg\" srcset=\"https:\/\/gites79.com\/wp-content\/uploads\/2022\/11\/Bed-4-2-1024x682.jpg 1024w, https:\/\/gites79.com\/wp-content\/uploads\/2022\/11\/Bed-4-2-300x200.jpg 300w, https:\/\/gites79.com\/wp-content\/uploads\/2022\/11\/Bed-4-2-768x512.jpg 768w, https:\/\/gites79.com\/wp-content\/uploads\/2022\/11\/Bed-4-2-18x12.jpg 18w, https:\/\/gites79.com\/wp-content\/uploads\/2022\/11\/Bed-4-2.jpg 1351w\" sizes=\"auto, (max-width: 767px) 89vw, (max-width: 1000px) 54vw, (max-width: 1071px) 543px, 580px\" \/><\/figure><\/li><li class=\"coblocks-gallery--item\"><figure class=\"coblocks-gallery--figure\"><img loading=\"lazy\" decoding=\"async\" width=\"1024\" height=\"682\" alt=\"Image gallery image\" class=\"wp-image-406 has-shadow-none\" data-id=\"406\" data-imglink=\"\" src=\"https:\/\/gites79.com\/wp-content\/uploads\/2022\/11\/Bathroom-1024x682.jpg\" srcset=\"https:\/\/gites79.com\/wp-content\/uploads\/2022\/11\/Bathroom-1024x682.jpg 1024w, https:\/\/gites79.com\/wp-content\/uploads\/2022\/11\/Bathroom-300x200.jpg 300w, https:\/\/gites79.com\/wp-content\/uploads\/2022\/11\/Bathroom-768x512.jpg 768w, https:\/\/gites79.com\/wp-content\/uploads\/2022\/11\/Bathroom-18x12.jpg 18w, https:\/\/gites79.com\/wp-content\/uploads\/2022\/11\/Bathroom.jpg 1351w\" sizes=\"auto, (max-width: 767px) 89vw, (max-width: 1000px) 54vw, (max-width: 1071px) 543px, 580px\" \/><\/figure><\/li><li class=\"coblocks-gallery--item\"><figure class=\"coblocks-gallery--figure\"><img loading=\"lazy\" decoding=\"async\" width=\"1024\" height=\"682\" alt=\"Image gallery image\" class=\"wp-image-421 has-shadow-none\" data-id=\"421\" data-imglink=\"\" src=\"https:\/\/gites79.com\/wp-content\/uploads\/2022\/11\/View-from-the-bath-1024x682.jpg\" srcset=\"https:\/\/gites79.com\/wp-content\/uploads\/2022\/11\/View-from-the-bath-1024x682.jpg 1024w, https:\/\/gites79.com\/wp-content\/uploads\/2022\/11\/View-from-the-bath-300x200.jpg 300w, https:\/\/gites79.com\/wp-content\/uploads\/2022\/11\/View-from-the-bath-768x512.jpg 768w, https:\/\/gites79.com\/wp-content\/uploads\/2022\/11\/View-from-the-bath-18x12.jpg 18w, https:\/\/gites79.com\/wp-content\/uploads\/2022\/11\/View-from-the-bath.jpg 1351w\" sizes=\"auto, (max-width: 767px) 89vw, (max-width: 1000px) 54vw, (max-width: 1071px) 543px, 580px\" \/><\/figure><\/li><li class=\"coblocks-gallery--item\"><figure class=\"coblocks-gallery--figure\"><img loading=\"lazy\" decoding=\"async\" width=\"1024\" height=\"683\" alt=\"\" class=\"wp-image-557 has-shadow-none\" data-id=\"557\" data-imglink=\"\" src=\"https:\/\/gites79.com\/wp-content\/uploads\/2024\/01\/Table-Chairs2-1024x683.jpg\" srcset=\"https:\/\/gites79.com\/wp-content\/uploads\/2024\/01\/Table-Chairs2-1024x683.jpg 1024w, https:\/\/gites79.com\/wp-content\/uploads\/2024\/01\/Table-Chairs2-300x200.jpg 300w, https:\/\/gites79.com\/wp-content\/uploads\/2024\/01\/Table-Chairs2-768x512.jpg 768w, https:\/\/gites79.com\/wp-content\/uploads\/2024\/01\/Table-Chairs2-1536x1024.jpg 1536w, https:\/\/gites79.com\/wp-content\/uploads\/2024\/01\/Table-Chairs2-2048x1365.jpg 2048w, https:\/\/gites79.com\/wp-content\/uploads\/2024\/01\/Table-Chairs2-18x12.jpg 18w\" sizes=\"auto, (max-width: 767px) 89vw, (max-width: 1000px) 54vw, (max-width: 1071px) 543px, 580px\" \/><\/figure><\/li><li class=\"coblocks-gallery--item\"><figure class=\"coblocks-gallery--figure\"><img loading=\"lazy\" decoding=\"async\" width=\"1024\" height=\"683\" alt=\"\" class=\"wp-image-558 has-shadow-none\" data-id=\"558\" data-imglink=\"\" src=\"https:\/\/gites79.com\/wp-content\/uploads\/2024\/01\/Table-Chairs-1024x683.jpg\" srcset=\"https:\/\/gites79.com\/wp-content\/uploads\/2024\/01\/Table-Chairs-1024x683.jpg 1024w, https:\/\/gites79.com\/wp-content\/uploads\/2024\/01\/Table-Chairs-300x200.jpg 300w, https:\/\/gites79.com\/wp-content\/uploads\/2024\/01\/Table-Chairs-768x512.jpg 768w, https:\/\/gites79.com\/wp-content\/uploads\/2024\/01\/Table-Chairs-1536x1024.jpg 1536w, https:\/\/gites79.com\/wp-content\/uploads\/2024\/01\/Table-Chairs-2048x1365.jpg 2048w, https:\/\/gites79.com\/wp-content\/uploads\/2024\/01\/Table-Chairs-18x12.jpg 18w\" sizes=\"auto, (max-width: 767px) 89vw, (max-width: 1000px) 54vw, (max-width: 1071px) 543px, 580px\" \/><\/figure><\/li><li class=\"coblocks-gallery--item\"><figure class=\"coblocks-gallery--figure\"><img loading=\"lazy\" decoding=\"async\" width=\"1024\" height=\"683\" alt=\"\" class=\"wp-image-575 has-shadow-none\" data-id=\"575\" data-imglink=\"\" data-link=\"https:\/\/gites79.com\/rose-cottage\/back-garden-4\/\" src=\"https:\/\/gites79.com\/wp-content\/uploads\/2024\/04\/Back-garden-4-1024x683.jpg\" srcset=\"https:\/\/gites79.com\/wp-content\/uploads\/2024\/04\/Back-garden-4-1024x683.jpg 1024w, https:\/\/gites79.com\/wp-content\/uploads\/2024\/04\/Back-garden-4-300x200.jpg 300w, https:\/\/gites79.com\/wp-content\/uploads\/2024\/04\/Back-garden-4-768x512.jpg 768w, https:\/\/gites79.com\/wp-content\/uploads\/2024\/04\/Back-garden-4-18x12.jpg 18w, https:\/\/gites79.com\/wp-content\/uploads\/2024\/04\/Back-garden-4.jpg 1350w\" sizes=\"auto, (max-width: 767px) 89vw, (max-width: 1000px) 54vw, (max-width: 1071px) 543px, 580px\" \/><\/figure><\/li><li class=\"coblocks-gallery--item\"><figure class=\"coblocks-gallery--figure\"><img loading=\"lazy\" decoding=\"async\" width=\"1024\" height=\"654\" alt=\"Image gallery image\" class=\"wp-image-403 has-shadow-none\" data-id=\"403\" data-imglink=\"\" src=\"https:\/\/gites79.com\/wp-content\/uploads\/2022\/11\/Back-garden-2-1024x654.jpg\" srcset=\"https:\/\/gites79.com\/wp-content\/uploads\/2022\/11\/Back-garden-2-1024x654.jpg 1024w, https:\/\/gites79.com\/wp-content\/uploads\/2022\/11\/Back-garden-2-300x192.jpg 300w, https:\/\/gites79.com\/wp-content\/uploads\/2022\/11\/Back-garden-2-768x491.jpg 768w, https:\/\/gites79.com\/wp-content\/uploads\/2022\/11\/Back-garden-2-18x12.jpg 18w, https:\/\/gites79.com\/wp-content\/uploads\/2022\/11\/Back-garden-2.jpg 1409w\" sizes=\"auto, (max-width: 767px) 89vw, (max-width: 1000px) 54vw, (max-width: 1071px) 543px, 580px\" \/><\/figure><\/li><li class=\"coblocks-gallery--item\"><figure class=\"coblocks-gallery--figure\"><img loading=\"lazy\" decoding=\"async\" width=\"768\" height=\"1024\" alt=\"\" class=\"wp-image-560 has-shadow-none\" data-id=\"560\" data-imglink=\"\" data-link=\"https:\/\/gites79.com\/rose-cottage\/parking\/\" src=\"https:\/\/gites79.com\/wp-content\/uploads\/2024\/01\/Parking-768x1024.jpeg\" srcset=\"https:\/\/gites79.com\/wp-content\/uploads\/2024\/01\/Parking-768x1024.jpeg 768w, https:\/\/gites79.com\/wp-content\/uploads\/2024\/01\/Parking-225x300.jpeg 225w, https:\/\/gites79.com\/wp-content\/uploads\/2024\/01\/Parking-1152x1536.jpeg 1152w, https:\/\/gites79.com\/wp-content\/uploads\/2024\/01\/Parking-1536x2048.jpeg 1536w, https:\/\/gites79.com\/wp-content\/uploads\/2024\/01\/Parking-9x12.jpeg 9w, https:\/\/gites79.com\/wp-content\/uploads\/2024\/01\/Parking-scaled.jpeg 1920w\" sizes=\"auto, (max-width: 767px) 89vw, (max-width: 1000px) 54vw, (max-width: 1071px) 543px, 580px\" \/><\/figure><\/li><\/ul><\/div>\n\n\n\n<p><\/p>\n\n\n\n<p>Un parking hors voirie se trouve devant la maison, ainsi qu'un petit patio - l'endroit id\u00e9al pour prendre l'ap\u00e9ritif et rencontrer les sympathiques voisins. Le jardin arri\u00e8re dispose d'une table et de chaises pour les repas \u00e0 l'ext\u00e9rieur et est \u00e9galement enti\u00e8rement clos et cl\u00f4tur\u00e9.  <\/p>\n\n\n\n<p>Il y a un jardin arri\u00e8re enti\u00e8rement clos avec son propre terrain de boules. Pour un petit suppl\u00e9ment de 30 \u20ac par chien et par semaine, nous accueillons un maximum de deux chiens de taille moyenne et grande ou trois chiens plus petits pour des vacances adapt\u00e9es aux animaux de compagnie.<\/p>\n\n\n\n<p>Le linge de maison et les serviettes sont fournis et chang\u00e9s chaque semaine.  <\/p>\n\n\n\n<p>Il y a des livres, des puzzles, des jeux et des jouets pour tous les \u00e2ges, ainsi que la t\u00e9l\u00e9vision fran\u00e7aise et britannique et un lecteur Blu Ray.<\/p>\n\n\n\n<p>Il n'est permis de fumer qu'\u00e0 l'ext\u00e9rieur de la maison, dans le jardin.  Veuillez utiliser le cendrier fourni.  Des frais de nettoyage suppl\u00e9mentaires s'\u00e9l\u00e8vent \u00e0 50 \u20ac\/semaine.<\/p>\n\n\n\n<p><\/p>\n\n\n\n<figure class=\"wp-block-table\"><table><tbody><tr><td class=\"has-text-align-center\" data-align=\"center\">1er avril - 31 mai<\/td><td class=\"has-text-align-center\" data-align=\"center\">850 \u20ac\/ semaine (6 personnes)<br>\u20ac1100\/semaine (8 personnes)<\/td><\/tr><tr><td class=\"has-text-align-center\" data-align=\"center\">1er juin - 31 septembre<\/td><td class=\"has-text-align-center\" data-align=\"center\">1000 \u20ac\/semaine (4 personnes)<br>\u20ac1400\/semaine (8 personnes)<\/td><\/tr><tr><td class=\"has-text-align-center\" data-align=\"center\">1er octobre - 31 mars<\/td><td class=\"has-text-align-center\" data-align=\"center\">750 \u20ac\/semaine (4 personnes)<br>1000 \u20ac\/semaine (8 personnes)<\/td><\/tr><\/tbody><\/table><\/figure>\n\n\n\n<ul class=\"wp-block-list\">\n<li>en dehors de la p\u00e9riode de No\u00ebl et du Nouvel An, veuillez envoyer un mail pour conna\u00eetre les prix et les disponibilit\u00e9s.<\/li>\n\n\n\n<li>Un d\u00e9p\u00f4t de garantie remboursable de 300 \u20ac sera demand\u00e9 pour tous les s\u00e9jours, ainsi qu'une preuve d'assurance responsabilit\u00e9 civile personnelle au moment de la r\u00e9servation.<\/li>\n<\/ul>\n\n\n\n<div class=\"wp-block-buttons is-content-justification-center is-layout-flex wp-container-core-buttons-is-layout-16018d1d wp-block-buttons-is-layout-flex\">\n<div class=\"wp-block-button\"><a class=\"wp-block-button__link wp-element-button\" href=\"https:\/\/gites79.com\/fr\/booking-contact-us\/\" target=\"_blank\" rel=\"noreferrer noopener\">Cliquez ici pour v\u00e9rifier la disponibilit\u00e9 et r\u00e9server<\/a><\/div>\n<\/div>\n\n\n\n<div style=\"min-height:300px\" data-map-attr=\"\/qaddress\/q:\/q79380 st jouin de milly\/q||\/qlat\/q:\/qundefined\/q||\/qlng\/q:\/qundefined\/q||\/qskin\/q:\/qstandard\/q||\/qzoom\/q:\/q10\/q||\/qiconSize\/q:\/q36\/q||\/qmapTypeControl\/q:\/qtrue\/q||\/qzoomControl\/q:\/qtrue\/q||\/qstreetViewControl\/q:\/qtrue\/q||\/qfullscreenControl\/q:\/qtrue\/q\" class=\"wp-block-coblocks-map coblocks-animate\" data-coblocks-animation=\"zoomIn\"><iframe title=\"Google Map\" frameborder=\"0\" style=\"width:100%;min-height:300px\" src=\"https:\/\/www.google.com\/maps?q=79380%20st%20jouin%20de%20milly&amp;output=embed&amp;hl=en-GB&amp;z=10\"><\/iframe><\/div>","protected":false},"excerpt":{"rendered":"<p>Gite des Roses is a quintessential French house with pretty cornflower blue shutters and beautifully-scented white roses around the door. It is an ideal base to visit Puy du Fou, which is only 30 minutes north or the sandy beaches of the west coast that are just over an hour&#8217;s drive away. Completely renovated in &hellip; <\/p>\n<p class=\"link-more\"><a href=\"https:\/\/gites79.com\/fr\/rose-cottage\/\" class=\"more-link\">Continuer la lecture<span class=\"screen-reader-text\"> de &laquo;&nbsp;Gite des Roses&nbsp;&raquo;<\/span><\/a><\/p>","protected":false},"author":1,"featured_media":0,"parent":0,"menu_order":0,"comment_status":"closed","ping_status":"closed","template":"","meta":{"_coblocks_attr":"","_coblocks_dimensions":"","_coblocks_responsive_height":"","_coblocks_accordion_ie_support":"","footnotes":""},"class_list":["post-220","page","type-page","status-publish","hentry"],"_links":{"self":[{"href":"https:\/\/gites79.com\/fr\/wp-json\/wp\/v2\/pages\/220","targetHints":{"allow":["GET"]}}],"collection":[{"href":"https:\/\/gites79.com\/fr\/wp-json\/wp\/v2\/pages"}],"about":[{"href":"https:\/\/gites79.com\/fr\/wp-json\/wp\/v2\/types\/page"}],"author":[{"embeddable":true,"href":"https:\/\/gites79.com\/fr\/wp-json\/wp\/v2\/users\/1"}],"replies":[{"embeddable":true,"href":"https:\/\/gites79.com\/fr\/wp-json\/wp\/v2\/comments?post=220"}],"version-history":[{"count":58,"href":"https:\/\/gites79.com\/fr\/wp-json\/wp\/v2\/pages\/220\/revisions"}],"predecessor-version":[{"id":584,"href":"https:\/\/gites79.com\/fr\/wp-json\/wp\/v2\/pages\/220\/revisions\/584"}],"wp:attachment":[{"href":"https:\/\/gites79.com\/fr\/wp-json\/wp\/v2\/media?parent=220"}],"curies":[{"name":"wp","href":"https:\/\/api.w.org\/{rel}","templated":true}]}}