{"id":2,"date":"2022-02-27T08:48:52","date_gmt":"2022-02-27T08:48:52","guid":{"rendered":"https:\/\/gites79.com\/?page_id=2"},"modified":"2024-01-18T15:24:38","modified_gmt":"2024-01-18T15:24:38","slug":"sample-page","status":"publish","type":"page","link":"https:\/\/gites79.com\/fr\/","title":{"rendered":"S'\u00e9vader dans ces parfaites retraites rurales fran\u00e7aises"},"content":{"rendered":"<p>Gites 79 has two beautiful gites situated on the border between the Deux-S\u00e8vres and Vend\u00e9e departments in western France that are available for holiday rental. <\/p>\n\n\n\n<p>Known for its micro-climate and boasting up to 2,400 hours of sunshine each year, the area is perfect for a relaxing family holiday but close to many major attractions..<\/p>\n\n\n\n<p>Le Gite des Roses est la quintessence de la maison familiale fran\u00e7aise \u00e0 volets, pouvant accueillir jusqu'\u00e0 8 personnes. La maison se divise en deux, ce qui permet de la louer \u00e0 un tarif inf\u00e9rieur pour une famille de quatre personnes, ou de la louer enti\u00e8rement pour 8 personnes.  Sa proximit\u00e9 avec le Puy du Fou, le Futuroscope et les plages de la c\u00f4te ouest en fait le point de d\u00e9part id\u00e9al pour explorer cette r\u00e9gion vari\u00e9e.<\/p>\n\n\n\n<p>Le G\u00eete des Chirons est une conversion d'une ancienne forge, isol\u00e9e et de haute qualit\u00e9, avec d'\u00e9pais murs de granit et un h\u00e9bergement spacieux pouvant accueillir jusqu'\u00e0 8 personnes. La maison est nich\u00e9e dans un petit hameau \u00e0 l'ouest de Moncoutant, et son emplacement paisible et idyllique offre une retraite rurale relaxante pour se ressourcer, faire le plein d'\u00e9nergie, se d\u00e9tendre et se raviver.<\/p>\n\n\n\n<p>Les deux gites sont \u00e0 seulement 3,5-4 heures des ferries de Caen et St Malo et \u00e0 seulement 75 minutes des a\u00e9roports de Nantes, Poitiers et La Rochelle. <\/p>\n\n\n<div class=\"wp-block-image\">\n<figure class=\"aligncenter size-full\"><img loading=\"lazy\" decoding=\"async\" width=\"280\" height=\"268\" src=\"https:\/\/gites79.com\/wp-content\/uploads\/2022\/10\/GITES-79-crop.png\" alt=\"\" class=\"wp-image-327\"\/><\/figure><\/div>\n\n\n<ul class=\"wp-block-social-links aligncenter is-style-pill-shape is-layout-flex wp-block-social-links-is-layout-flex\"><li class=\"wp-social-link wp-social-link-twitter  wp-block-social-link\"><a href=\"https:\/\/twitter.com\/gites79\" class=\"wp-block-social-link-anchor\"><svg width=\"24\" height=\"24\" viewbox=\"0 0 24 24\" version=\"1.1\" xmlns=\"http:\/\/www.w3.org\/2000\/svg\" aria-hidden=\"true\" focusable=\"false\"><path d=\"M22.23,5.924c-0.736,0.326-1.527,0.547-2.357,0.646c0.847-0.508,1.498-1.312,1.804-2.27 c-0.793,0.47-1.671,0.812-2.606,0.996C18.324,4.498,17.257,4,16.077,4c-2.266,0-4.103,1.837-4.103,4.103 c0,0.322,0.036,0.635,0.106,0.935C8.67,8.867,5.647,7.234,3.623,4.751C3.27,5.357,3.067,6.062,3.067,6.814 c0,1.424,0.724,2.679,1.825,3.415c-0.673-0.021-1.305-0.206-1.859-0.513c0,0.017,0,0.034,0,0.052c0,1.988,1.414,3.647,3.292,4.023 c-0.344,0.094-0.707,0.144-1.081,0.144c-0.264,0-0.521-0.026-0.772-0.074c0.522,1.63,2.038,2.816,3.833,2.85 c-1.404,1.1-3.174,1.756-5.096,1.756c-0.331,0-0.658-0.019-0.979-0.057c1.816,1.164,3.973,1.843,6.29,1.843 c7.547,0,11.675-6.252,11.675-11.675c0-0.178-0.004-0.355-0.012-0.531C20.985,7.47,21.68,6.747,22.23,5.924z\"><\/path><\/svg><span class=\"wp-block-social-link-label screen-reader-text\">Twitter<\/span><\/a><\/li>\n\n<li class=\"wp-social-link wp-social-link-mail  wp-block-social-link\"><a href=\"mailto:in&#102;o&#064;gite&#115;&#055;&#057;&#046;co&#109;\" class=\"wp-block-social-link-anchor\"><svg width=\"24\" height=\"24\" viewbox=\"0 0 24 24\" version=\"1.1\" xmlns=\"http:\/\/www.w3.org\/2000\/svg\" aria-hidden=\"true\" focusable=\"false\"><path d=\"M19,5H5c-1.1,0-2,.9-2,2v10c0,1.1.9,2,2,2h14c1.1,0,2-.9,2-2V7c0-1.1-.9-2-2-2zm.5,12c0,.3-.2.5-.5.5H5c-.3,0-.5-.2-.5-.5V9.8l7.5,5.6,7.5-5.6V17zm0-9.1L12,13.6,4.5,7.9V7c0-.3.2-.5.5-.5h14c.3,0,.5.2.5.5v.9z\"><\/path><\/svg><span class=\"wp-block-social-link-label screen-reader-text\">Mail<\/span><\/a><\/li>\n\n<li class=\"wp-social-link wp-social-link-facebook  wp-block-social-link\"><a href=\"https:\/\/www.facebook.com\/Gites79com-107924265301655\/\" class=\"wp-block-social-link-anchor\"><svg width=\"24\" height=\"24\" viewbox=\"0 0 24 24\" version=\"1.1\" xmlns=\"http:\/\/www.w3.org\/2000\/svg\" aria-hidden=\"true\" focusable=\"false\"><path d=\"M12 2C6.5 2 2 6.5 2 12c0 5 3.7 9.1 8.4 9.9v-7H7.9V12h2.5V9.8c0-2.5 1.5-3.9 3.8-3.9 1.1 0 2.2.2 2.2.2v2.5h-1.3c-1.2 0-1.6.8-1.6 1.6V12h2.8l-.4 2.9h-2.3v7C18.3 21.1 22 17 22 12c0-5.5-4.5-10-10-10z\"><\/path><\/svg><span class=\"wp-block-social-link-label screen-reader-text\">Facebook<\/span><\/a><\/li><\/ul>","protected":false},"excerpt":{"rendered":"<p>Gites 79 has two beautiful gites situated on the border between the Deux-S\u00e8vres and Vend\u00e9e departments in western France that are available for holiday rental. Known for its micro-climate and boasting up to 2,400 hours of sunshine each year, the area is perfect for a relaxing family holiday but close to many major attractions.. Gite &hellip; <\/p>\n<p class=\"link-more\"><a href=\"https:\/\/gites79.com\/fr\/\" class=\"more-link\">Continuer la lecture<span class=\"screen-reader-text\"> de &laquo;&nbsp;Escape to these perfect French rural retreats&nbsp;&raquo;<\/span><\/a><\/p>","protected":false},"author":1,"featured_media":369,"parent":0,"menu_order":0,"comment_status":"closed","ping_status":"closed","template":"template-front-page.php","meta":{"_coblocks_attr":"","_coblocks_dimensions":"","_coblocks_responsive_height":"","_coblocks_accordion_ie_support":"","footnotes":""},"class_list":["post-2","page","type-page","status-publish","has-post-thumbnail","hentry"],"_links":{"self":[{"href":"https:\/\/gites79.com\/fr\/wp-json\/wp\/v2\/pages\/2","targetHints":{"allow":["GET"]}}],"collection":[{"href":"https:\/\/gites79.com\/fr\/wp-json\/wp\/v2\/pages"}],"about":[{"href":"https:\/\/gites79.com\/fr\/wp-json\/wp\/v2\/types\/page"}],"author":[{"embeddable":true,"href":"https:\/\/gites79.com\/fr\/wp-json\/wp\/v2\/users\/1"}],"replies":[{"embeddable":true,"href":"https:\/\/gites79.com\/fr\/wp-json\/wp\/v2\/comments?post=2"}],"version-history":[{"count":34,"href":"https:\/\/gites79.com\/fr\/wp-json\/wp\/v2\/pages\/2\/revisions"}],"predecessor-version":[{"id":566,"href":"https:\/\/gites79.com\/fr\/wp-json\/wp\/v2\/pages\/2\/revisions\/566"}],"wp:featuredmedia":[{"embeddable":true,"href":"https:\/\/gites79.com\/fr\/wp-json\/wp\/v2\/media\/369"}],"wp:attachment":[{"href":"https:\/\/gites79.com\/fr\/wp-json\/wp\/v2\/media?parent=2"}],"curies":[{"name":"wp","href":"https:\/\/api.w.org\/{rel}","templated":true}]}}