{"id":179,"date":"2022-02-28T20:05:18","date_gmt":"2022-02-28T20:05:18","guid":{"rendered":"https:\/\/gites79.com\/?page_id=179"},"modified":"2024-01-18T15:23:14","modified_gmt":"2024-01-18T15:23:14","slug":"about-us-2-3","status":"publish","type":"page","link":"https:\/\/gites79.com\/fr\/about-us-2-3\/","title":{"rendered":"Retraites rurales fran\u00e7aises parfaites"},"content":{"rendered":"<hr class=\"wp-block-separator has-alpha-channel-opacity is-style-wide\"\/>\n\n\n\n<div class=\"wp-block-columns is-layout-flex wp-container-core-columns-is-layout-9d6595d7 wp-block-columns-is-layout-flex\">\n<div class=\"wp-block-column is-layout-flow wp-block-column-is-layout-flow\">\n<p>Situ\u00e9s \u00e0 la fronti\u00e8re des d\u00e9partements de la Vend\u00e9e et des Deux-S\u00e8vres, dans l'ouest de la France, nous disposons de deux maisons de vacances, toutes deux offrant les avantages d'un emplacement rural vraiment idyllique et proches de nombreuses attractions de la r\u00e9gion.<\/p>\n\n\n\n<p><\/p>\n\n\n\n<p>Le G\u00eete des Chirons est situ\u00e9 dans un hameau paisible, \u00e0 l'ouest de la ville de Moncoutant.   Pouvant accueillir jusqu'\u00e0 6 personnes, cette forge magnifiquement am\u00e9nag\u00e9e offre les avantages d'une retraite paisible et isol\u00e9e, avec un vaste terrain priv\u00e9 et son propre lac de p\u00eache. Elle poss\u00e8de m\u00eame ses propres poules et deux \u00e2nes de sauvetage.<\/p>\n\n\n\n<p>Le Gite des Roses est une maison \u00e0 volets typiquement fran\u00e7aise, situ\u00e9e au nord de Moncoutant et \u00e0 seulement 30 minutes du c\u00e9l\u00e8bre parc \u00e0 th\u00e8me du Puy du Fou. Situ\u00e9e dans un petit village, la maison peut \u00eatre divis\u00e9e pour convenir \u00e0 une famille de 4 personnes ou la maison enti\u00e8re peut \u00eatre occup\u00e9e par un groupe de 8 personnes. Elle accepte les chiens et 2 ou 3 compagnons canins sont les bienvenus dans son jardin enti\u00e8rement clos.<\/p>\n\n\n\n<p>Ces deux retraites rurales fran\u00e7aises parfaites se trouvent \u00e0 seulement 3,5-4 heures des ports de ferry de St Malo et de Caen et \u00e0 seulement 75 minutes des a\u00e9roports de Poitiers, La Rochelle et Nantes.<\/p>\n<\/div>\n<\/div>\n\n\n\n<hr class=\"wp-block-separator has-alpha-channel-opacity is-style-wide\"\/>\n\n\n\n<div class=\"wp-block-buttons is-content-justification-center is-layout-flex wp-container-core-buttons-is-layout-51f7783f wp-block-buttons-is-layout-flex\">\n<div class=\"wp-block-button\"><a class=\"wp-block-button__link wp-element-button\" href=\"https:\/\/gites79.com\/fr\/booking-contact-us\/\" target=\"_blank\" rel=\"noreferrer noopener\">Cliquez ici pour nous contacter et r\u00e9server votre retraite rurale.<\/a><\/div>\n<\/div>\n\n\n<div class=\"wp-block-image\">\n<figure class=\"aligncenter size-full\"><img loading=\"lazy\" decoding=\"async\" width=\"610\" height=\"95\" src=\"https:\/\/gites79.com\/wp-content\/uploads\/2022\/06\/strapline.png\" alt=\"\" class=\"wp-image-226\" srcset=\"https:\/\/gites79.com\/wp-content\/uploads\/2022\/06\/strapline.png 610w, https:\/\/gites79.com\/wp-content\/uploads\/2022\/06\/strapline-300x47.png 300w\" sizes=\"auto, (max-width: 610px) 100vw, 610px\" \/><\/figure><\/div>","protected":false},"excerpt":{"rendered":"<p>Located on the border of the Vend\u00e9e and Deux-S\u00e8vres departments in western France, we have two holiday homes available for rental, both offering the benefits of a truly idyllic, rural location and close to many of the region&#8217;s key attractions. Gite des Chirons is situated in a peaceful hamlet, west of the town of Moncoutant. &hellip; <\/p>\n<p class=\"link-more\"><a href=\"https:\/\/gites79.com\/fr\/about-us-2-3\/\" class=\"more-link\">Continuer la lecture<span class=\"screen-reader-text\"> de &laquo;&nbsp;Perfect French Rural Retreats&nbsp;&raquo;<\/span><\/a><\/p>","protected":false},"author":1,"featured_media":215,"parent":0,"menu_order":0,"comment_status":"closed","ping_status":"closed","template":"","meta":{"_coblocks_attr":"","_coblocks_dimensions":"","_coblocks_responsive_height":"","_coblocks_accordion_ie_support":"","footnotes":""},"class_list":["post-179","page","type-page","status-publish","has-post-thumbnail","hentry"],"_links":{"self":[{"href":"https:\/\/gites79.com\/fr\/wp-json\/wp\/v2\/pages\/179","targetHints":{"allow":["GET"]}}],"collection":[{"href":"https:\/\/gites79.com\/fr\/wp-json\/wp\/v2\/pages"}],"about":[{"href":"https:\/\/gites79.com\/fr\/wp-json\/wp\/v2\/types\/page"}],"author":[{"embeddable":true,"href":"https:\/\/gites79.com\/fr\/wp-json\/wp\/v2\/users\/1"}],"replies":[{"embeddable":true,"href":"https:\/\/gites79.com\/fr\/wp-json\/wp\/v2\/comments?post=179"}],"version-history":[{"count":18,"href":"https:\/\/gites79.com\/fr\/wp-json\/wp\/v2\/pages\/179\/revisions"}],"predecessor-version":[{"id":564,"href":"https:\/\/gites79.com\/fr\/wp-json\/wp\/v2\/pages\/179\/revisions\/564"}],"wp:featuredmedia":[{"embeddable":true,"href":"https:\/\/gites79.com\/fr\/wp-json\/wp\/v2\/media\/215"}],"wp:attachment":[{"href":"https:\/\/gites79.com\/fr\/wp-json\/wp\/v2\/media?parent=179"}],"curies":[{"name":"wp","href":"https:\/\/api.w.org\/{rel}","templated":true}]}}