{"id":135,"date":"2022-02-28T17:43:49","date_gmt":"2022-02-28T17:43:49","guid":{"rendered":"https:\/\/gites79.com\/?page_id=135"},"modified":"2024-01-18T15:29:29","modified_gmt":"2024-01-18T15:29:29","slug":"things-to-do","status":"publish","type":"page","link":"https:\/\/gites79.com\/fr\/things-to-do\/","title":{"rendered":"Pr\u00e8s de"},"content":{"rendered":"<p>Moncoutant est la ville la plus proche, \u00e0 environ 5 km des deux g\u00eetes.  Bien que petite, elle est \u00e9tonnamment bien desservie avec une bonne gamme de magasins, ainsi qu'un supermarch\u00e9 Super U de taille moyenne et une station service. Le march\u00e9 fermier est le vendredi :<\/p>\n\n\n\n<p>Bressuire est une ville un peu plus grande et se trouve \u00e0 environ 15 km des deux g\u00eetes. Elle offre un plus grand choix de magasins, un supermarch\u00e9 L'Eclerc et un cin\u00e9ma. Le march\u00e9 fermier a lieu le mardi et le samedi, o\u00f9 vous pouvez acheter des l\u00e9gumes frais, de la viande, du poisson et du fromage.<\/p>\n\n\n\n<p>Les meilleures plages se trouvent \u00e0 environ 75 minutes de Tranche-sur-Mer et de Br\u00e9tignolles-sur-Mer, mais il existe de nombreuses autres plages magnifiques le long de la c\u00f4te.<\/p>\n\n\n\n<p><strong>Attractions locales :<\/strong><\/p>\n\n\n\n<ul class=\"wp-block-list\">\n<li>Pescalis - plusieurs lacs de p\u00eache -&nbsp;<a href=\"http:\/\/www.pescalis.com\">http:\/\/www.pescalis.com<\/a><\/li>\n\n\n\n<li>Parc d'aventure - Tyroliennes et filets d'escalade dans la for\u00eat -&nbsp;<a href=\"http:\/\/www.parc-aventure-79.fr\/\">www.parc-aventure-79.fr<\/a><\/li>\n\n\n\n<li>Le Karting \u2013&nbsp;<a href=\"http:\/\/www.bocaspeed.fr\/\">www.bocaspeed.fr<\/a><\/li>\n\n\n\n<li>Ferme d'autruches -&nbsp;<a href=\"http:\/\/www.serve-autriche.fr\/\">www.serve-autriche.fr<\/a><\/li>\n\n\n\n<li>Golf - Terrain de golf de 18 trous - \u00e0 Bressuire<\/li>\n<\/ul>\n\n\n\n<p><strong>De l'autre c\u00f4t\u00e9 de la fronti\u00e8re, en Vend\u00e9e<\/strong>:<\/p>\n\n\n\n<ul class=\"wp-block-list\">\n<li>Vouvant - l'un des plus beaux villages de la r\u00e9gion.&nbsp;<a href=\"http:\/\/www.vouvant.fr\/\">www.vouvant.fr<\/a><\/li>\n\n\n\n<li>Mervant - avec ses magnifiques lacs (navigation de plaisance, natation et p\u00eache), son zoo et ses for\u00eats.&nbsp;<a href=\"http:\/\/www.mervant.fr\/\">www.mervant.fr<\/a><\/li>\n\n\n\n<li>Mervent Zoo \u2013&nbsp;<a href=\"http:\/\/www.naturzoomervent.com\/\">www.naturzoomervent.com<\/a><\/li>\n\n\n\n<li>Parc Oriental de Maulevrier - Superbe jardin japonais -&nbsp;<a href=\"http:\/\/www.parc-oriental.com\/\">www.parc-oriental.com<\/a><\/li>\n\n\n\n<li>Marais Potevin - connu sous le nom de Venise verte avec ses magnifiques ruisseaux et rivi\u00e8res o\u00f9 vous pouvez louer une barque ou un bateau \u00e0 rames et profiter de son merveilleux paysage.&nbsp;<a href=\"http:\/\/www.marais-potevin.com\/\">www.marais-potevin.com<\/a><\/li>\n<\/ul>\n\n\n\n<p><strong>Au-del\u00e0<\/strong>:<\/p>\n\n\n\n<ul class=\"wp-block-list\">\n<li>Puy du Fou - Parc th\u00e9matique historique -&nbsp;<a href=\"http:\/\/www.puydufou.com\/\">www.puydufou.com<\/a><\/li>\n\n\n\n<li>Futuroscope - Parc th\u00e9matique multim\u00e9dia -&nbsp;<a href=\"http:\/\/www.futoroscope.com\/\">www.futoroscope.com<\/a><\/li>\n\n\n\n<li>Bio Park - Zoo situ\u00e9 dans et autour des grottes troglodytes -&nbsp;<a href=\"http:\/\/www.bioparc-zoo.fr\/\">www.bioparc-zoo.fr<\/a><\/li>\n\n\n\n<li>Terra Botanica - Jardins botaniques -&nbsp;<a href=\"http:\/\/www.terrabotanica.com\/\">www.terrabotanica.com<\/a><\/li>\n\n\n\n<li>O'Gliss Park - Parc aquatique avec un grand choix d'attractions, de toboggans, de piscines, etc. -&nbsp;<a href=\"http:\/\/www.oglissparc.fr\/\">www.oglissparc.fr<\/a><\/li>\n\n\n\n<li>Indian Forest - Le plus grand parc d'aventure de France -&nbsp;<a href=\"http:\/\/www.indian-forest-atlantique.com\/\">www.indian-forest-atlantique.com<\/a><\/li>\n\n\n\n<li>Parc des Vallees \u2013 Riverside Adventure Park \u2013&nbsp;<a href=\"http:\/\/www.parcdevallee.fr\/\">www.parcdevallee.fr<\/a><\/li>\n<\/ul>","protected":false},"excerpt":{"rendered":"<p>Moncoutant, is the nearest town approximately 5kms from both g\u00eetes. Although small it is surprisingly well-serviced with a good range of shops. as well as mid-size Super U supermarket &amp; 24hr petrol station. The farmers market is on a Friday. Bressuire is a slightly larger town and about 15kms away from both g\u00eetes, It offers &hellip; <\/p>\n<p class=\"link-more\"><a href=\"https:\/\/gites79.com\/fr\/things-to-do\/\" class=\"more-link\">Continuer la lecture<span class=\"screen-reader-text\"> de &laquo;&nbsp;Nearby&nbsp;&raquo;<\/span><\/a><\/p>","protected":false},"author":1,"featured_media":0,"parent":0,"menu_order":0,"comment_status":"closed","ping_status":"closed","template":"","meta":{"_coblocks_attr":"","_coblocks_dimensions":"","_coblocks_responsive_height":"","_coblocks_accordion_ie_support":"","footnotes":""},"class_list":["post-135","page","type-page","status-publish","hentry"],"_links":{"self":[{"href":"https:\/\/gites79.com\/fr\/wp-json\/wp\/v2\/pages\/135","targetHints":{"allow":["GET"]}}],"collection":[{"href":"https:\/\/gites79.com\/fr\/wp-json\/wp\/v2\/pages"}],"about":[{"href":"https:\/\/gites79.com\/fr\/wp-json\/wp\/v2\/types\/page"}],"author":[{"embeddable":true,"href":"https:\/\/gites79.com\/fr\/wp-json\/wp\/v2\/users\/1"}],"replies":[{"embeddable":true,"href":"https:\/\/gites79.com\/fr\/wp-json\/wp\/v2\/comments?post=135"}],"version-history":[{"count":7,"href":"https:\/\/gites79.com\/fr\/wp-json\/wp\/v2\/pages\/135\/revisions"}],"predecessor-version":[{"id":570,"href":"https:\/\/gites79.com\/fr\/wp-json\/wp\/v2\/pages\/135\/revisions\/570"}],"wp:attachment":[{"href":"https:\/\/gites79.com\/fr\/wp-json\/wp\/v2\/media?parent=135"}],"curies":[{"name":"wp","href":"https:\/\/api.w.org\/{rel}","templated":true}]}}